{"id":793,"date":"2015-02-25T11:08:55","date_gmt":"2015-02-25T11:08:55","guid":{"rendered":"http:\/\/thomas-perseval.fr\/?page_id=793"},"modified":"2015-03-03T09:17:51","modified_gmt":"2015-03-03T09:17:51","slug":"viticulture-biologique-certifiee-depuis-2012","status":"publish","type":"page","link":"https:\/\/thomas-perseval.fr\/?page_id=793","title":{"rendered":"Viticulture biologique"},"content":{"rendered":"<p>Dans les ann\u00e9es 80, mes parents fondent la marque PERSEVAL HARTEEL, quittent la coop\u00e9rative et investissent dans un pressoir traditionnel. Ils \u00e9laborent alors leur champagne en toute ind\u00e9pendance, privil\u00e9giant la qualit\u00e9.<br \/>\nFin des ann\u00e9es 90 nous labourons entre les pieds des ceps et laissons l\u2019herbe pousser dans les rangs.<br \/>\nApr\u00e8s une formation viticole et un stage passionnant chez un viticulteur biodynamique de Bourgogne en 2003, je prends conscience de la n\u00e9cessit\u00e9 de laisser libre expression au fruit.<\/p>\n<blockquote><p><strong>Plus qu\u2019une simple d\u00e9marche, le choix du passage en viticulture biologique correspond \u00e0 ma conception de l\u2019agriculture et la viticulture \u00e0 venir.<\/strong><\/p><\/blockquote>\n<p>Ma vision des pratiques viticoles devient alors \u00e9vidente\u00a0: je souhaite reprendre le domaine familial, travailler les vignes et vinifier mes cuv\u00e9es parcellaires dans un profond respect du terroir.<br \/>\nLe domaine familial est certifi\u00e9 Agriculture Biologique depuis 2012.<br \/>\nEn 2015, je suis heureux de proposer mes premi\u00e8res cuv\u00e9es certifi\u00e9es bio et je vous invite \u00e0 les d\u00e9couvrir\u00a0!<\/p>\n","protected":false},"excerpt":{"rendered":"<p>Dans les ann\u00e9es 80, mes parents fondent la marque PERSEVAL HARTEEL, quittent la coop\u00e9rative et investissent dans un pressoir traditionnel. Ils \u00e9laborent alors leur champagne en toute ind\u00e9pendance, privil\u00e9giant la qualit\u00e9. Fin des ann\u00e9es 90 nous labourons entre les pieds des ceps et laissons l\u2019herbe pousser dans les rangs. Apr\u00e8s une formation viticole et un [&hellip;]<\/p>\n","protected":false},"author":1,"featured_media":0,"parent":0,"menu_order":0,"comment_status":"closed","ping_status":"closed","template":"","meta":{"footnotes":""},"class_list":["post-793","page","type-page","status-publish","hentry"],"_links":{"self":[{"href":"https:\/\/thomas-perseval.fr\/index.php?rest_route=\/wp\/v2\/pages\/793","targetHints":{"allow":["GET"]}}],"collection":[{"href":"https:\/\/thomas-perseval.fr\/index.php?rest_route=\/wp\/v2\/pages"}],"about":[{"href":"https:\/\/thomas-perseval.fr\/index.php?rest_route=\/wp\/v2\/types\/page"}],"author":[{"embeddable":true,"href":"https:\/\/thomas-perseval.fr\/index.php?rest_route=\/wp\/v2\/users\/1"}],"replies":[{"embeddable":true,"href":"https:\/\/thomas-perseval.fr\/index.php?rest_route=%2Fwp%2Fv2%2Fcomments&post=793"}],"version-history":[{"count":5,"href":"https:\/\/thomas-perseval.fr\/index.php?rest_route=\/wp\/v2\/pages\/793\/revisions"}],"predecessor-version":[{"id":808,"href":"https:\/\/thomas-perseval.fr\/index.php?rest_route=\/wp\/v2\/pages\/793\/revisions\/808"}],"wp:attachment":[{"href":"https:\/\/thomas-perseval.fr\/index.php?rest_route=%2Fwp%2Fv2%2Fmedia&parent=793"}],"curies":[{"name":"wp","href":"https:\/\/api.w.org\/{rel}","templated":true}]}}