{"id":843,"date":"2015-06-30T08:24:30","date_gmt":"2015-06-30T08:24:30","guid":{"rendered":"http:\/\/thomas-perseval.fr\/?page_id=843"},"modified":"2015-07-01T08:23:51","modified_gmt":"2015-07-01T08:23:51","slug":"champagne-tradition","status":"publish","type":"page","link":"https:\/\/thomas-perseval.fr\/?page_id=843","title":{"rendered":"Champagne TRADITION Extra Brut"},"content":{"rendered":"<div class=\"uk-grid\">\n<div class=\"uk-width-1-3\">\n<img loading=\"lazy\" decoding=\"async\" src=\"http:\/\/thomas-perseval.fr\/wp-content\/uploads\/2015\/06\/traditionthomasperseval.jpg\" alt=\"traditionthomasperseval\" width=\"186\" height=\"677\" class=\"alignnone size-full wp-image-856\" \/>\n<\/div>\n<div class=\"uk-width-2-3\">\n<h4>C\u00e9page<\/h4>\n<div class=\"uk-grid uk-grid-small\">\n<div class=\"uk-width-1-2\">\n<ul class=\"uk-list uk-list-striped\">\n<li>45 % Pinot Noir<\/li>\n<li>45% Pinot Meunier<\/li>\n<li>10 % Chardonnay<\/li>\n<\/ul>\n<\/div>\n<div class=\"uk-width-1-2\">\n<img decoding=\"async\" src=\"wp-content\/uploads\/yootheme\/home_logo3.png\"><br \/>\n<img decoding=\"async\" src=\"wp-content\/uploads\/yootheme\/home_logo2.png\"><\/p>\n<\/div>\n<\/div>\n<h4>Domaine<\/h4>\n<p>Le domaine Thomas PERSEVAL est situ\u00e9 sur la Petite Montagne de Reims \u00e0 Chamery.<br \/>\nLe vignoble de 2\u00ad.5 Hectares est r\u00e9parti en 5 parcelles.<br \/>\nL\u2019int\u00e9gralit\u00e9 du Domaine est certifi\u00e9 Agriculture Biologique par ECOCERT depuis la vendange 2012. <\/p>\n<h4>Vinification<\/h4>\n<p>70 % en cuve \u00e9maill\u00e9e et 30 % en f\u00fbt.<br \/>\nLa fermentation est r\u00e9alis\u00e9e avec les levures naturelles pour la partie en f\u00fbt et avec des levures s\u00e9lectionn\u00e9es pour la partie cuve.<br \/>\nFermentation malo-lactique naturelle.<br \/>\nVinification sur lies pendant 11 mois.<br \/>\nNi filtration, ni collage.<br \/>\nR\u00e9colte 2012 \u00e0 100 %.<br \/>\nTirage septembre 2013.<\/p>\n<h4>D\u00e9gustation<\/h4>\n<ul class=\"uk-list uk-list-striped\">\n<li>Robe\u00a0: Jaune paille soutenue, belle brillance.<\/li>\n<li>Nez\u00a0: Puissant sur le fruit, gel\u00e9e de coing, mirabelle.<\/li>\n<li>Bouche\u00a0: Ample et m\u00fbr, ar\u00f4me de gel\u00e9e de coing, poire, belle fra\u00eecheur.<\/li>\n<\/ul>\n<\/div>\n","protected":false},"excerpt":{"rendered":"<p>C\u00e9page 45 % Pinot Noir 45% Pinot Meunier 10 % Chardonnay Domaine Le domaine Thomas PERSEVAL est situ\u00e9 sur la Petite Montagne de Reims \u00e0 Chamery. Le vignoble de 2\u00ad.5 Hectares est r\u00e9parti en 5 parcelles. L\u2019int\u00e9gralit\u00e9 du Domaine est certifi\u00e9 Agriculture Biologique par ECOCERT depuis la vendange 2012. Vinification 70 % en cuve \u00e9maill\u00e9e [&hellip;]<\/p>\n","protected":false},"author":1,"featured_media":0,"parent":736,"menu_order":0,"comment_status":"closed","ping_status":"closed","template":"","meta":{"footnotes":""},"class_list":["post-843","page","type-page","status-publish","hentry"],"_links":{"self":[{"href":"https:\/\/thomas-perseval.fr\/index.php?rest_route=\/wp\/v2\/pages\/843","targetHints":{"allow":["GET"]}}],"collection":[{"href":"https:\/\/thomas-perseval.fr\/index.php?rest_route=\/wp\/v2\/pages"}],"about":[{"href":"https:\/\/thomas-perseval.fr\/index.php?rest_route=\/wp\/v2\/types\/page"}],"author":[{"embeddable":true,"href":"https:\/\/thomas-perseval.fr\/index.php?rest_route=\/wp\/v2\/users\/1"}],"replies":[{"embeddable":true,"href":"https:\/\/thomas-perseval.fr\/index.php?rest_route=%2Fwp%2Fv2%2Fcomments&post=843"}],"version-history":[{"count":21,"href":"https:\/\/thomas-perseval.fr\/index.php?rest_route=\/wp\/v2\/pages\/843\/revisions"}],"predecessor-version":[{"id":872,"href":"https:\/\/thomas-perseval.fr\/index.php?rest_route=\/wp\/v2\/pages\/843\/revisions\/872"}],"up":[{"embeddable":true,"href":"https:\/\/thomas-perseval.fr\/index.php?rest_route=\/wp\/v2\/pages\/736"}],"wp:attachment":[{"href":"https:\/\/thomas-perseval.fr\/index.php?rest_route=%2Fwp%2Fv2%2Fmedia&parent=843"}],"curies":[{"name":"wp","href":"https:\/\/api.w.org\/{rel}","templated":true}]}}