{"id":876,"date":"2016-08-29T11:30:27","date_gmt":"2016-08-29T11:30:27","guid":{"rendered":"http:\/\/thomas-perseval.fr\/?page_id=876"},"modified":"2016-08-29T11:32:04","modified_gmt":"2016-08-29T11:32:04","slug":"champagne-rose-extra-brut","status":"publish","type":"page","link":"https:\/\/thomas-perseval.fr\/?page_id=876","title":{"rendered":"Champagne ROSE Extra Brut"},"content":{"rendered":"<div class=\"uk-grid\">\n<div class=\"uk-width-1-3\">\n<p><img loading=\"lazy\" decoding=\"async\" src=\"http:\/\/thomas-perseval.fr\/wp-content\/uploads\/2015\/06\/champagne-bio-rose.jpg\" alt=\"Champagne bio rose\" width=\"186\" height=\"677\"  \/>\n<\/div>\n<div class=\"uk-width-2-3\">\n<h4>C\u00e9page<\/h4>\n<div class=\"uk-grid uk-grid-small\">\n<div class=\"uk-width-1-2\">\n<ul class=\"uk-list uk-list-striped\">\n<li>50 % Pinot Noir<\/li>\n<li>20 % Pinot Meunier<\/li>\n<li>30 % Chardonnay<\/li>\n<\/ul>\n<\/div>\n<div class=\"uk-width-1-2\">\n<img decoding=\"async\" src=\"wp-content\/uploads\/yootheme\/home_logo3.png\"><br \/>\n<img decoding=\"async\" src=\"wp-content\/uploads\/yootheme\/home_logo2.png\"><\/p>\n<\/div>\n<\/div>\n<h4>Domaine<\/h4>\n<p>Le domaine Thomas PERSEVAL est situ\u00e9 sur la Petite Montagne de Reims \u00e0 Chamery.<br \/>\nLe vignoble de 2\u00ad.5 Hectares est r\u00e9parti en 5 parcelles.<br \/>\nL\u2019int\u00e9gralit\u00e9 du Domaine est certifi\u00e9 Agriculture Biologique par ECOCERT depuis la vendange 2012. <\/p>\n<h4>Vinification<\/h4>\n<p>50 % en cuve \u00e9maill\u00e9e et 50 % en f\u00fbt.<br \/>\nRos\u00e9 d\u2019assemblage<br \/>\nLa fermentation est r\u00e9alis\u00e9e avec les levures naturelles pour la partie en f\u00fbt et avec des levures s\u00e9lectionn\u00e9es pour la partie cuve.<br \/>\nFermentation malo-lactique naturelle partielle.<br \/>\nVinification sur lies pendant 11 mois. Ni filtration , ni collage<br \/>\nR\u00e9colte 2012 \u00e0 100 %.<br \/>\nTirage septembre 2013.<\/p>\n<h4>D\u00e9gustation<\/h4>\n<ul class=\"uk-list uk-list-striped\">\n<li>Robe : rose saumon\u00e9 soutenue<\/li>\n<li>Nez \u00e9l\u00e9gant, bourgeons de cassis<\/li>\n<li>Bouche vive, franche et nette. Ar\u00f4me de framboise.<\/li>\n<\/ul>\n<\/div>\n","protected":false},"excerpt":{"rendered":"<p>C\u00e9page 50 % Pinot Noir 20 % Pinot Meunier 30 % Chardonnay Domaine Le domaine Thomas PERSEVAL est situ\u00e9 sur la Petite Montagne de Reims \u00e0 Chamery. Le vignoble de 2\u00ad.5 Hectares est r\u00e9parti en 5 parcelles. L\u2019int\u00e9gralit\u00e9 du Domaine est certifi\u00e9 Agriculture Biologique par ECOCERT depuis la vendange 2012. Vinification 50 % en cuve [&hellip;]<\/p>\n","protected":false},"author":1,"featured_media":0,"parent":736,"menu_order":0,"comment_status":"closed","ping_status":"closed","template":"","meta":{"footnotes":""},"class_list":["post-876","page","type-page","status-publish","hentry"],"_links":{"self":[{"href":"https:\/\/thomas-perseval.fr\/index.php?rest_route=\/wp\/v2\/pages\/876","targetHints":{"allow":["GET"]}}],"collection":[{"href":"https:\/\/thomas-perseval.fr\/index.php?rest_route=\/wp\/v2\/pages"}],"about":[{"href":"https:\/\/thomas-perseval.fr\/index.php?rest_route=\/wp\/v2\/types\/page"}],"author":[{"embeddable":true,"href":"https:\/\/thomas-perseval.fr\/index.php?rest_route=\/wp\/v2\/users\/1"}],"replies":[{"embeddable":true,"href":"https:\/\/thomas-perseval.fr\/index.php?rest_route=%2Fwp%2Fv2%2Fcomments&post=876"}],"version-history":[{"count":2,"href":"https:\/\/thomas-perseval.fr\/index.php?rest_route=\/wp\/v2\/pages\/876\/revisions"}],"predecessor-version":[{"id":878,"href":"https:\/\/thomas-perseval.fr\/index.php?rest_route=\/wp\/v2\/pages\/876\/revisions\/878"}],"up":[{"embeddable":true,"href":"https:\/\/thomas-perseval.fr\/index.php?rest_route=\/wp\/v2\/pages\/736"}],"wp:attachment":[{"href":"https:\/\/thomas-perseval.fr\/index.php?rest_route=%2Fwp%2Fv2%2Fmedia&parent=876"}],"curies":[{"name":"wp","href":"https:\/\/api.w.org\/{rel}","templated":true}]}}