{"id":880,"date":"2016-08-29T11:57:48","date_gmt":"2016-08-29T11:57:48","guid":{"rendered":"http:\/\/thomas-perseval.fr\/?page_id=880"},"modified":"2016-08-29T12:11:48","modified_gmt":"2016-08-29T12:11:48","slug":"champagne-grande-cuvee","status":"publish","type":"page","link":"https:\/\/thomas-perseval.fr\/?page_id=880","title":{"rendered":"Champagne GRANDE CUVEE"},"content":{"rendered":"<div class=\"uk-grid\">\n<div class=\"uk-width-1-3\">\n<p><img loading=\"lazy\" decoding=\"async\" src=\"http:\/\/thomas-perseval.fr\/wp-content\/uploads\/2015\/06\/champagne-bio-rose.jpg\" alt=\"Champagne bio rose\" width=\"186\" height=\"677\"  \/>\n<\/div>\n<div class=\"uk-width-2-3\">\n<h4>C\u00e9page<\/h4>\n<div class=\"uk-grid uk-grid-small\">\n<div class=\"uk-width-1-2\">\n<ul class=\"uk-list uk-list-striped\">\n<li>&#8531; Pinot Noir<\/li>\n<li>&#8531; Pinot Meunier<\/li>\n<li>&#8531; Chardonnay<\/li>\n<\/ul>\n<\/div>\n<div class=\"uk-width-1-2\">\n<img decoding=\"async\" src=\"wp-content\/uploads\/yootheme\/home_logo3.png\"><br \/>\n<img decoding=\"async\" src=\"wp-content\/uploads\/yootheme\/home_logo2.png\"><\/p>\n<\/div>\n<\/div>\n<h4>Domaine<\/h4>\n<p>Le domaine Thomas PERSEVAL est situ\u00e9 sur la Petite Montagne de Reims \u00e0 Chamery.<br \/>\nLe vignoble de 2\u00ad.5 Hectares est r\u00e9parti en 5 parcelles.<br \/>\nL\u2019int\u00e9gralit\u00e9 du Domaine est certifi\u00e9 Agriculture Biologique par ECOCERT depuis la vendange 2012. <\/p>\n<h4>Vinification<\/h4>\n<p>100 % f\u00fbt<br \/>\nLa fermentation alcoolique naturelle Fermentation malo-lactique naturelle Vinification sur lies pendant 11 mois. Ni filtration , ni collage.<br \/>\nR\u00e9colte 2012 a\u0300 100 %.<br \/>\nTirage septembre 2013.<br \/>\nSucres r\u00e9siduels 3.22 gr\/l<\/p>\n<h4>D\u00e9gustation<\/h4>\n<ul class=\"uk-list uk-list-striped\">\n<li>Robe : belle robe jaune p\u00e2le brillant<\/li>\n<li>Nez fin et \u00e9l\u00e9gant, finement bois\u00e9, l\u00e9g\u00e8re note de r\u00e9glisse.\n<\/li>\n<li>Bouche vive et bois\u00e9. vin jeune et frais. Note d&rsquo;aub\u00e9pine et abricot.<\/li>\n<\/ul>\n<\/div>\n","protected":false},"excerpt":{"rendered":"<p>C\u00e9page &#8531; Pinot Noir &#8531; Pinot Meunier &#8531; Chardonnay Domaine Le domaine Thomas PERSEVAL est situ\u00e9 sur la Petite Montagne de Reims \u00e0 Chamery. Le vignoble de 2\u00ad.5 Hectares est r\u00e9parti en 5 parcelles. L\u2019int\u00e9gralit\u00e9 du Domaine est certifi\u00e9 Agriculture Biologique par ECOCERT depuis la vendange 2012. Vinification 100 % f\u00fbt La fermentation alcoolique naturelle [&hellip;]<\/p>\n","protected":false},"author":1,"featured_media":0,"parent":736,"menu_order":0,"comment_status":"closed","ping_status":"closed","template":"","meta":{"footnotes":""},"class_list":["post-880","page","type-page","status-publish","hentry"],"_links":{"self":[{"href":"https:\/\/thomas-perseval.fr\/index.php?rest_route=\/wp\/v2\/pages\/880","targetHints":{"allow":["GET"]}}],"collection":[{"href":"https:\/\/thomas-perseval.fr\/index.php?rest_route=\/wp\/v2\/pages"}],"about":[{"href":"https:\/\/thomas-perseval.fr\/index.php?rest_route=\/wp\/v2\/types\/page"}],"author":[{"embeddable":true,"href":"https:\/\/thomas-perseval.fr\/index.php?rest_route=\/wp\/v2\/users\/1"}],"replies":[{"embeddable":true,"href":"https:\/\/thomas-perseval.fr\/index.php?rest_route=%2Fwp%2Fv2%2Fcomments&post=880"}],"version-history":[{"count":3,"href":"https:\/\/thomas-perseval.fr\/index.php?rest_route=\/wp\/v2\/pages\/880\/revisions"}],"predecessor-version":[{"id":884,"href":"https:\/\/thomas-perseval.fr\/index.php?rest_route=\/wp\/v2\/pages\/880\/revisions\/884"}],"up":[{"embeddable":true,"href":"https:\/\/thomas-perseval.fr\/index.php?rest_route=\/wp\/v2\/pages\/736"}],"wp:attachment":[{"href":"https:\/\/thomas-perseval.fr\/index.php?rest_route=%2Fwp%2Fv2%2Fmedia&parent=880"}],"curies":[{"name":"wp","href":"https:\/\/api.w.org\/{rel}","templated":true}]}}