{"id":926,"date":"2022-11-01T15:25:37","date_gmt":"2022-11-01T15:25:37","guid":{"rendered":"http:\/\/thomas-perseval.fr\/?page_id=926"},"modified":"2022-11-01T15:36:05","modified_gmt":"2022-11-01T15:36:05","slug":"champagne-thomas-perseval","status":"publish","type":"page","link":"https:\/\/thomas-perseval.fr\/","title":{"rendered":"Champagne Thomas Perseval"},"content":{"rendered":"\n<figure class=\"wp-block-image alignleft\"><img loading=\"lazy\" decoding=\"async\" width=\"335\" height=\"413\" src=\"http:\/\/thomas-perseval.fr\/wp-content\/uploads\/2011\/05\/thomas-vigne4.jpg\" alt=\"thomas-vigne4\" class=\"wp-image-761\" srcset=\"https:\/\/thomas-perseval.fr\/wp-content\/uploads\/2011\/05\/thomas-vigne4.jpg 335w, https:\/\/thomas-perseval.fr\/wp-content\/uploads\/2011\/05\/thomas-vigne4-243x300.jpg 243w\" sizes=\"auto, (max-width: 335px) 100vw, 335px\" \/><\/figure>\n\n\n\n<p>Profond\u00e9ment attach\u00e9 \u00e0 la<a href=\"http:\/\/thomas-perseval.fr\/?page_id=793\"> nature<\/a>, c&rsquo;est en grandissant au sein de l&rsquo;exploitation familiale que je me passionne pour le travail de la vigne et du vin.<br>Le respect du <a href=\"http:\/\/thomas-perseval.fr\/?page_id=764\">terroir<\/a> et le maintient d&rsquo;un savoir-faire artisanal afin de proposer des Champagnes authentiques de qualit\u00e9, deviennent alors une \u00e9vidence.<\/p>\n\n\n\n<p>Je pratique ma passion avec une recherche&nbsp;permanente d\u2019harmonie et d\u2019\u00e9quilibre pour la vigne et le <a href=\"http:\/\/thomas-perseval.fr\/?page_id=786\">vin.<\/a><br><br>Fid\u00e8le \u00e0 mon \u00e9thique et \u00e0 mes convictions profondes, j\u2019accorde une vigilance de chaque instant pour accompagner la vigne avec le plus grand respect de l\u2019environnement.<br>Je m\u2019engage alors dans une d\u00e9marche qui me tient \u00e0 c\u0153ur et travaille en <a href=\"http:\/\/thomas-perseval.fr\/?page_id=793\">viticulture biologique <\/a>certifi\u00e9e depuis 2012.<\/p>\n\n\n\n<figure class=\"wp-block-image alignright\"><img loading=\"lazy\" decoding=\"async\" width=\"183\" height=\"51\" src=\"http:\/\/thomas-perseval.fr\/wp-content\/uploads\/2011\/05\/sign.png\" alt=\"sign\" class=\"wp-image-746\"\/><\/figure>\n","protected":false},"excerpt":{"rendered":"<p>Profond\u00e9ment attach\u00e9 \u00e0 la nature, c&rsquo;est en grandissant au sein de l&rsquo;exploitation familiale que je me passionne pour le travail de la vigne et du vin.Le respect du terroir et le maintient d&rsquo;un savoir-faire artisanal afin de proposer des Champagnes authentiques de qualit\u00e9, deviennent alors une \u00e9vidence. Je pratique ma passion avec une recherche&nbsp;permanente d\u2019harmonie [&hellip;]<\/p>\n","protected":false},"author":1,"featured_media":0,"parent":0,"menu_order":0,"comment_status":"closed","ping_status":"closed","template":"","meta":{"footnotes":""},"class_list":["post-926","page","type-page","status-publish","hentry"],"_links":{"self":[{"href":"https:\/\/thomas-perseval.fr\/index.php?rest_route=\/wp\/v2\/pages\/926","targetHints":{"allow":["GET"]}}],"collection":[{"href":"https:\/\/thomas-perseval.fr\/index.php?rest_route=\/wp\/v2\/pages"}],"about":[{"href":"https:\/\/thomas-perseval.fr\/index.php?rest_route=\/wp\/v2\/types\/page"}],"author":[{"embeddable":true,"href":"https:\/\/thomas-perseval.fr\/index.php?rest_route=\/wp\/v2\/users\/1"}],"replies":[{"embeddable":true,"href":"https:\/\/thomas-perseval.fr\/index.php?rest_route=%2Fwp%2Fv2%2Fcomments&post=926"}],"version-history":[{"count":1,"href":"https:\/\/thomas-perseval.fr\/index.php?rest_route=\/wp\/v2\/pages\/926\/revisions"}],"predecessor-version":[{"id":927,"href":"https:\/\/thomas-perseval.fr\/index.php?rest_route=\/wp\/v2\/pages\/926\/revisions\/927"}],"wp:attachment":[{"href":"https:\/\/thomas-perseval.fr\/index.php?rest_route=%2Fwp%2Fv2%2Fmedia&parent=926"}],"curies":[{"name":"wp","href":"https:\/\/api.w.org\/{rel}","templated":true}]}}